{"id":6543,"date":"2021-07-20T06:57:50","date_gmt":"2021-07-20T06:57:50","guid":{"rendered":"http:\/\/www.michalvesely.cz.uvirt111.active24.cz\/?page_id=6543"},"modified":"2025-09-29T11:26:06","modified_gmt":"2025-09-29T11:26:06","slug":"krouzky","status":"publish","type":"page","link":"https:\/\/www.zsmasaryk.cz\/index.php\/krouzky\/","title":{"rendered":"Krou\u017eky 2025-2026"},"content":{"rendered":"\t\t<div data-elementor-type=\"wp-page\" data-elementor-id=\"6543\" class=\"elementor elementor-6543\">\n\t\t\t\t\t\t<section class=\"elementor-section elementor-top-section elementor-element elementor-element-2999769 elementor-section-boxed elementor-section-height-default elementor-section-height-default\" data-id=\"2999769\" data-element_type=\"section\" data-e-type=\"section\">\n\t\t\t\t\t\t<div class=\"elementor-container elementor-column-gap-default\">\n\t\t\t\t\t<div class=\"elementor-column elementor-col-100 elementor-top-column elementor-element elementor-element-b5d9394\" data-id=\"b5d9394\" data-element_type=\"column\" data-e-type=\"column\">\n\t\t\t<div class=\"elementor-widget-wrap elementor-element-populated\">\n\t\t\t\t\t\t<div class=\"elementor-element elementor-element-1c4b9c9 elementor-widget elementor-widget-cws_accordion_toggle\" data-id=\"1c4b9c9\" data-element_type=\"widget\" data-e-type=\"widget\" data-widget_type=\"cws_accordion_toggle.default\">\n\t\t\t\t<div class=\"elementor-widget-container\">\n\t\t\t\t\t\n        <div class=\"ce clearfix\">\n            <div class=\"cws_ce_content ce_accordion alt\">\n                <div class=\"accordion_section active\"><div class=\"accordion_title\"><i class=\"accordion_icon\"><\/i><span>P\u0159\u00edprava na p\u0159ij\u00edmac\u00ed zkou\u0161ky z matematiky pro 9. t\u0159. (Mgr. Dana Dalihodov\u00e1)<\/span><\/div><div class=\"accordion_content\"><ul><li>Term\u00edn kon\u00e1n\u00ed: <strong>ST\u0158EDA 7:00 - 7:45 od 1. 10. 2025<\/strong><\/li><\/ul><\/div><\/div><div class=\"accordion_section\"><div class=\"accordion_title\"><i class=\"accordion_icon\"><\/i><span>P\u0159\u00edprava na p\u0159ij\u00edmac\u00ed zkou\u0161ky z jazyka \u010desk\u00e9ho pro 9. t\u0159. (Mgr. Lucie Glumb\u00edkov\u00e1)<\/span><\/div><div class=\"accordion_content\" style=\"display: none;\"><ul><li>Term\u00edn kon\u00e1n\u00ed: <strong>POND\u011aL\u00cd 7:00 - 7:45 od 29. 9. 2025<\/strong><\/li><\/ul><\/div><\/div><div class=\"accordion_section\"><div class=\"accordion_title\"><i class=\"accordion_icon\"><\/i><span>Vesel\u00e1 v\u011bda <\/span><\/div><div class=\"accordion_content\" style=\"display: none;\"><ul><li><strong>Vesel\u00e1 v\u011bda - <\/strong>KROU\u017dEK V\u011aDECK\u00ddCH POKUS\u016e, kter\u00fd d\u011bti bav\u00ed a z\u00e1rove\u0148 chyt\u0159e vzd\u011bl\u00e1v\u00e1, podporuje p\u0159irozenou zv\u00eddavost a touhu po b\u00e1d\u00e1n\u00ed. P\u0159ibli\u017euje d\u011btem v\u011bdu hravou formou a je pln\u00fd z\u00e1bavn\u00fdch pokus\u016f z chemie, biologie a fyziky. Je ur\u010den pro d\u011bti z 1.stupn\u011b Z\u0160.\u00a0P\u0159ihl\u00e1\u0161ky a v\u00edce informac\u00ed na: <a href=\"http:\/\/www.veselaveda.cz\/\" target=\"_blank\" rel=\"noopener noreferrer\">www.veselaveda.cz<\/a><br \/>Od \u0159\u00edjna, 1x t\u00fddn\u011b ve \u0161kole, 60 minut, 14 lekc\u00ed za pololet\u00ed.<\/li><li>Term\u00edn kon\u00e1n\u00ed: <strong>bude up\u0159esn\u011bn<\/strong><\/li><\/ul><\/div><\/div><div class=\"accordion_section\"><div class=\"accordion_title\"><i class=\"accordion_icon\"><\/i><span>Polytechnick\u00fd krou\u017eek (Mgr. Jana Kot\u00e1skov\u00e1)<\/span><\/div><div class=\"accordion_content\" style=\"display: none;\"><p>Polytechnick\u00fd krou\u017eek je zam\u011b\u0159en na zlep\u0161en\u00ed technick\u00fdch dovednost\u00ed a rozvoj kreativity. V r\u00e1mci krou\u017eku se bude pracovat se d\u0159evem, kovem a plastem. Pomoc\u00ed ru\u010dn\u00edho n\u00e1\u0159ad\u00ed si \u017e\u00e1ci vyrob\u00ed jednoduch\u00e9 v\u00fdrobky. Vyzkou\u0161\u00ed si tak\u00e9 pr\u00e1ci s miniobr\u00e1b\u011bc\u00edmi stroji Unimat, jako je vy\u0159ez\u00e1v\u00e1n\u00ed lup\u00ednkovou pilou z p\u0159ekli\u017eky a soustru\u017een\u00ed. Polytechnick\u00fd krou\u017eek je ur\u010den \u017e\u00e1k\u016fm 2. stupn\u011b.\u00a0<\/p><p>Term\u00edn kon\u00e1n\u00ed: <strong>ST\u0158EDA (\u010das bude up\u0159esn\u011bn) jednou za 14 dn\u00ed<\/strong><\/p><\/div><\/div><div class=\"accordion_section\"><div class=\"accordion_title\"><i class=\"accordion_icon\"><\/i><span>\u0160achov\u00fd krou\u017eek (Mgr. Jana Kot\u00e1skov\u00e1)<\/span><\/div><div class=\"accordion_content\" style=\"display: none;\"><p>Pro \u017e\u00e1ky 1. i 2. stupn\u011b<\/p><p>Term\u00edn kon\u00e1n\u00ed: <strong>POND\u011aL\u00cd 14:00 - 15:30 h\u00a0<\/strong><\/p><\/div><\/div><div class=\"accordion_section\"><div class=\"accordion_title\"><i class=\"accordion_icon\"><\/i><span>Florbalov\u00fd krou\u017eek v r\u00e1mci klubu 1. SC TEMPISH (tren\u00e9r Mgr. Jan \u0160ebesta)<\/span><\/div><div class=\"accordion_content\" style=\"display: none;\"><p>Spousta z\u00e1bavy a pohybu pro \u017e\u00e1ky 1. stupn\u011b, vhodn\u00e9 pro kluky i holky.<\/p><ul><li>Term\u00edn kon\u00e1n\u00ed: <b>ST\u0158EDA <\/b>14:00 - 15:00<\/li><\/ul><\/div><\/div><div class=\"accordion_section\"><div class=\"accordion_title\"><i class=\"accordion_icon\"><\/i><span>Dou\u010dov\u00e1n\u00ed \u017e\u00e1k\u016f v r\u00e1mci Opera\u010dn\u00edho programu Jan Amos Komensk\u00fd<\/span><\/div><div class=\"accordion_content\" style=\"display: none;\"><p><strong>ZA\u010c\u00cdN\u00c1ME OD 15. 9. 2025<\/strong><\/p><p><strong>MATEMATIKA 7. T\u0158.<\/strong> (Mgr. Jana Bawadekjiov\u00e1) <br \/>ST\u0158EDA 13:45 - 14:30<\/p><p><strong>MATEMATIKA 8. T\u0158.<\/strong> (Mgr. Jana Kot\u00e1skov\u00e1) <br \/>POND\u011aL\u00cd 7:00 - 7:45<\/p><p><strong>MATEMATIKA 9. T\u0158.<\/strong> (Mgr. Dana Dalihodov\u00e1) <br \/>ST\u0158EDA 13:45 - 14:30<\/p><p><strong>JAZYK \u010cESK\u00dd 7. T\u0158.<\/strong> (Mgr. Pavl\u00edna Ko\u017eu\u0161n\u00edkov\u00e1) <br \/>POND\u011aL\u00cd 13:45\u00a0 - 14:30<\/p><p><strong>JAZYK \u010cESK\u00dd 8. T\u0158.<\/strong> (Mgr. Lucie Glumb\u00edkov\u00e1) <br \/>\u010cTVRTEK 7:00 - 7:45<\/p><p><strong>JAZYK ANGLICK\u00dd 8. a 9. T\u0158.<\/strong> (Mgr. Lenka Parmov\u00e1)<br \/>POND\u011aL\u00cd 13:45 - 14:30<\/p><p><strong>JAZYK \u010cESK\u00dd PRO \u017d\u00c1KY S ODLI\u0160N\u00ddM MATE\u0158SK\u00ddM JAZYKEM<\/strong> (MGR. Bohumila \u010c\u00e1pov\u00e1) <br \/>P\u00c1TEK 7:00 - 7:45<\/p><\/div><\/div><div class=\"accordion_section\"><div class=\"accordion_title\"><i class=\"accordion_icon\"><\/i><span>\u010cten\u00e1\u0159sk\u00e9 d\u00edlny pro \u017e\u00e1ky 6. t\u0159\u00eddy (Mgr. Pavl\u00edna Ko\u017eu\u0161n\u00edkov\u00e1)<\/span><\/div><div class=\"accordion_content\" style=\"display: none;\"><p>Term\u00edn kon\u00e1n\u00ed: <strong>\u00daTER\u00dd 14:00 - 15:00<\/strong><\/p><\/div><\/div><div class=\"accordion_section\"><div class=\"accordion_title\"><i class=\"accordion_icon\"><\/i><span>Krou\u017eek Aj\u0165\u00e1k (Mgr. Miroslav Ka\u0148ok, Bc. V\u00e1clav Mrkvica)<\/span><\/div><div class=\"accordion_content\" style=\"display: none;\"><p>Pro \u017e\u00e1ky 4. t\u0159\u00eddy.<\/p><p>Term\u00edn kon\u00e1n\u00ed: <strong>ST\u0158EDA 14:00 - 15:00<\/strong><\/p><\/div><\/div><div class=\"accordion_section\"><div class=\"accordion_title\"><i class=\"accordion_icon\"><\/i><span>P\u0159edtan\u010den\u00ed \u017e\u00e1k\u016f 9. t\u0159\u00edd (Mgr. Martina Pelik\u00e1nov\u00e1, Mgr. Martina Riedlov\u00e1)<\/span><\/div><div class=\"accordion_content\" style=\"display: none;\"><p>Term\u00edn kon\u00e1n\u00ed: <strong>\u010cTVRTEK 7:00 - 7:45<\/strong><\/p><\/div><\/div><div class=\"accordion_section\"><div class=\"accordion_title\"><i class=\"accordion_icon\"><\/i><span>Kurz neurov\u00fdvojov\u00e9 stimulace (Mgr. Barbora Lukasov\u00e1)<\/span><\/div><div class=\"accordion_content\" style=\"display: none;\"><p>Term\u00edn kon\u00e1n\u00ed: <strong>ST\u0158EDA 15:00 - 16:00 v t\u011blocvi\u010dn\u011b<\/strong><\/p><\/div><\/div>            <\/div>\n        <\/div>\n        \t\t\t\t<\/div>\n\t\t\t\t<\/div>\n\t\t\t\t\t<\/div>\n\t\t<\/div>\n\t\t\t\t\t<\/div>\n\t\t<\/section>\n\t\t\t\t<\/div>\n\t\t","protected":false},"excerpt":{"rendered":"","protected":false},"author":2,"featured_media":0,"parent":0,"menu_order":0,"comment_status":"closed","ping_status":"closed","template":"","meta":{"footnotes":""},"class_list":["post-6543","page","type-page","status-publish","hentry"],"rttpg_featured_image_url":null,"rttpg_author":{"display_name":"admin","author_link":"https:\/\/www.zsmasaryk.cz\/index.php\/author\/admin\/"},"rttpg_comment":0,"rttpg_category":null,"rttpg_excerpt":null,"_links":{"self":[{"href":"https:\/\/www.zsmasaryk.cz\/index.php\/wp-json\/wp\/v2\/pages\/6543","targetHints":{"allow":["GET"]}}],"collection":[{"href":"https:\/\/www.zsmasaryk.cz\/index.php\/wp-json\/wp\/v2\/pages"}],"about":[{"href":"https:\/\/www.zsmasaryk.cz\/index.php\/wp-json\/wp\/v2\/types\/page"}],"author":[{"embeddable":true,"href":"https:\/\/www.zsmasaryk.cz\/index.php\/wp-json\/wp\/v2\/users\/2"}],"replies":[{"embeddable":true,"href":"https:\/\/www.zsmasaryk.cz\/index.php\/wp-json\/wp\/v2\/comments?post=6543"}],"version-history":[{"count":28,"href":"https:\/\/www.zsmasaryk.cz\/index.php\/wp-json\/wp\/v2\/pages\/6543\/revisions"}],"predecessor-version":[{"id":14467,"href":"https:\/\/www.zsmasaryk.cz\/index.php\/wp-json\/wp\/v2\/pages\/6543\/revisions\/14467"}],"wp:attachment":[{"href":"https:\/\/www.zsmasaryk.cz\/index.php\/wp-json\/wp\/v2\/media?parent=6543"}],"curies":[{"name":"wp","href":"https:\/\/api.w.org\/{rel}","templated":true}]}}