{"id":6581,"date":"2021-07-20T07:27:04","date_gmt":"2021-07-20T07:27:04","guid":{"rendered":"http:\/\/www.michalvesely.cz.uvirt111.active24.cz\/?page_id=6581"},"modified":"2025-04-07T05:16:01","modified_gmt":"2025-04-07T05:16:01","slug":"stravovani","status":"publish","type":"page","link":"https:\/\/www.zsmasaryk.cz\/index.php\/stravovani\/","title":{"rendered":"\u0160koln\u00ed j\u00eddelna"},"content":{"rendered":"\t\t<div data-elementor-type=\"wp-page\" data-elementor-id=\"6581\" class=\"elementor elementor-6581\">\n\t\t\t\t\t\t<section class=\"elementor-section elementor-top-section elementor-element elementor-element-a7246ca elementor-section-boxed elementor-section-height-default elementor-section-height-default\" data-id=\"a7246ca\" data-element_type=\"section\" data-e-type=\"section\">\n\t\t\t\t\t\t<div class=\"elementor-container elementor-column-gap-default\">\n\t\t\t\t\t<div class=\"elementor-column elementor-col-100 elementor-top-column elementor-element elementor-element-6b33c73\" data-id=\"6b33c73\" data-element_type=\"column\" data-e-type=\"column\">\n\t\t\t<div class=\"elementor-widget-wrap elementor-element-populated\">\n\t\t\t\t\t\t<div class=\"elementor-element elementor-element-83f1e1b elementor-invisible elementor-widget elementor-widget-cws_heading\" data-id=\"83f1e1b\" data-element_type=\"widget\" data-e-type=\"widget\" data-settings=\"{&quot;_animation&quot;:&quot;fadeInUp&quot;}\" data-widget_type=\"cws_heading.default\">\n\t\t\t\t<div class=\"elementor-widget-container\">\n\t\t\t\t\t<h3 class=\"ce_title heading\"><div>Stravov\u00e1n\u00ed ve \u0161kole<\/div><\/h3>\t\t\t\t<\/div>\n\t\t\t\t<\/div>\n\t\t\t\t<div class=\"elementor-element elementor-element-af0d4ac elementor-invisible elementor-widget elementor-widget-cws_message_box\" data-id=\"af0d4ac\" data-element_type=\"widget\" data-e-type=\"widget\" data-settings=\"{&quot;_animation&quot;:&quot;fadeInUp&quot;}\" data-widget_type=\"cws_message_box.default\">\n\t\t\t\t<div class=\"elementor-widget-container\">\n\t\t\t\t\t<div class=\"cws_msg_box info-box clearfix\"><div class=\"icon_section\"><i class=\"fa fa-info\"><\/i><\/div><div class=\"content_section\"><div class=\"msg_box_title\">\u0160koln\u00ed stravov\u00e1n\u00ed<\/div><div class=\"msg_box_text\">\u0160kola nem\u00e1 vlastn\u00ed j\u00eddelnu, m\u00e1 pouze v\u00fddejnu j\u00eddel, p\u0159i\u010dem\u017e stravov\u00e1n\u00ed zaji\u0161\u0165uje Za\u0159\u00edzen\u00ed \u0161koln\u00edho stravov\u00e1n\u00ed Vratimov \u2013 p\u0159\u00edsp\u011bvkov\u00e1 organizace M\u011bsta Vratimova, kter\u00e1 poskytuje stravu v\u0161em \u0161kolsk\u00fdm za\u0159\u00edzen\u00edm ve m\u011bst\u011b.\n\n<\/div><\/div><\/div>\t\t\t\t<\/div>\n\t\t\t\t<\/div>\n\t\t\t\t\t<\/div>\n\t\t<\/div>\n\t\t\t\t\t<\/div>\n\t\t<\/section>\n\t\t\t\t<section class=\"elementor-section elementor-top-section elementor-element elementor-element-e104570 elementor-section-boxed elementor-section-height-default elementor-section-height-default\" data-id=\"e104570\" data-element_type=\"section\" data-e-type=\"section\">\n\t\t\t\t\t\t<div class=\"elementor-container elementor-column-gap-default\">\n\t\t\t\t\t<div class=\"elementor-column elementor-col-100 elementor-top-column elementor-element elementor-element-2f7054b\" data-id=\"2f7054b\" data-element_type=\"column\" data-e-type=\"column\">\n\t\t\t<div class=\"elementor-widget-wrap elementor-element-populated\">\n\t\t\t\t\t\t<div class=\"elementor-element elementor-element-01705b9 elementor-invisible elementor-widget elementor-widget-cws_callout\" data-id=\"01705b9\" data-element_type=\"widget\" data-e-type=\"widget\" data-settings=\"{&quot;_animation&quot;:&quot;fadeInUp&quot;}\" data-widget_type=\"cws_callout.default\">\n\t\t\t\t<div class=\"elementor-widget-container\">\n\t\t\t\t\t<div class=\"ce clearfix\"><div class=\"cws_callout\"><div class=\"content_section\"><div class=\"callout_text\"><p>J\u00eddeln\u00ed\u010dek i ceny ob\u011bd\u016f naleznete na\u00a0<a href=\"https:\/\/msvratimov.cz\/jidelna\/\" target=\"_blank\" rel=\"noopener noreferrer\">www.stravovani-vratimov.cz<\/a><\/p><\/div><\/div><\/div><\/div>\t\t\t\t<\/div>\n\t\t\t\t<\/div>\n\t\t\t\t\t<\/div>\n\t\t<\/div>\n\t\t\t\t\t<\/div>\n\t\t<\/section>\n\t\t\t\t<\/div>\n\t\t","protected":false},"excerpt":{"rendered":"","protected":false},"author":2,"featured_media":0,"parent":0,"menu_order":0,"comment_status":"closed","ping_status":"closed","template":"","meta":{"footnotes":""},"class_list":["post-6581","page","type-page","status-publish","hentry"],"rttpg_featured_image_url":null,"rttpg_author":{"display_name":"admin","author_link":"https:\/\/www.zsmasaryk.cz\/index.php\/author\/admin\/"},"rttpg_comment":0,"rttpg_category":null,"rttpg_excerpt":null,"_links":{"self":[{"href":"https:\/\/www.zsmasaryk.cz\/index.php\/wp-json\/wp\/v2\/pages\/6581","targetHints":{"allow":["GET"]}}],"collection":[{"href":"https:\/\/www.zsmasaryk.cz\/index.php\/wp-json\/wp\/v2\/pages"}],"about":[{"href":"https:\/\/www.zsmasaryk.cz\/index.php\/wp-json\/wp\/v2\/types\/page"}],"author":[{"embeddable":true,"href":"https:\/\/www.zsmasaryk.cz\/index.php\/wp-json\/wp\/v2\/users\/2"}],"replies":[{"embeddable":true,"href":"https:\/\/www.zsmasaryk.cz\/index.php\/wp-json\/wp\/v2\/comments?post=6581"}],"version-history":[{"count":0,"href":"https:\/\/www.zsmasaryk.cz\/index.php\/wp-json\/wp\/v2\/pages\/6581\/revisions"}],"wp:attachment":[{"href":"https:\/\/www.zsmasaryk.cz\/index.php\/wp-json\/wp\/v2\/media?parent=6581"}],"curies":[{"name":"wp","href":"https:\/\/api.w.org\/{rel}","templated":true}]}}