{"id":6849,"date":"2021-07-23T06:38:37","date_gmt":"2021-07-23T06:38:37","guid":{"rendered":"http:\/\/www.michalvesely.cz.uvirt111.active24.cz\/?page_id=6849"},"modified":"2021-08-18T19:19:58","modified_gmt":"2021-08-18T19:19:58","slug":"zvoneni","status":"publish","type":"page","link":"https:\/\/www.zsmasaryk.cz\/index.php\/zvoneni\/","title":{"rendered":"Zvon\u011bn\u00ed"},"content":{"rendered":"\t\t<div data-elementor-type=\"wp-page\" data-elementor-id=\"6849\" class=\"elementor elementor-6849\">\n\t\t\t\t\t\t<section class=\"elementor-section elementor-top-section elementor-element elementor-element-b938fdd elementor-section-boxed elementor-section-height-default elementor-section-height-default\" data-id=\"b938fdd\" data-element_type=\"section\" data-e-type=\"section\">\n\t\t\t\t\t\t<div class=\"elementor-container elementor-column-gap-default\">\n\t\t\t\t\t<div class=\"elementor-column elementor-col-100 elementor-top-column elementor-element elementor-element-0ecff37\" data-id=\"0ecff37\" data-element_type=\"column\" data-e-type=\"column\">\n\t\t\t<div class=\"elementor-widget-wrap elementor-element-populated\">\n\t\t\t\t\t\t<div class=\"elementor-element elementor-element-e94b9ab elementor-invisible elementor-widget elementor-widget-cws_heading\" data-id=\"e94b9ab\" data-element_type=\"widget\" data-e-type=\"widget\" data-settings=\"{&quot;_animation&quot;:&quot;fadeInUp&quot;}\" data-widget_type=\"cws_heading.default\">\n\t\t\t\t<div class=\"elementor-widget-container\">\n\t\t\t\t\t<h3 class=\"ce_title heading\"><div>P\u0159ehled zvon\u011bn\u00ed v na\u0161\u00ed \u0161kole<\/div><\/h3>\t\t\t\t<\/div>\n\t\t\t\t<\/div>\n\t\t\t\t<div class=\"elementor-element elementor-element-6de4966 elementor-invisible elementor-widget elementor-widget-cws_message_box\" data-id=\"6de4966\" data-element_type=\"widget\" data-e-type=\"widget\" data-settings=\"{&quot;_animation&quot;:&quot;fadeInUp&quot;}\" data-widget_type=\"cws_message_box.default\">\n\t\t\t\t<div class=\"elementor-widget-container\">\n\t\t\t\t\t<div class=\"cws_msg_box info-box clearfix\"><div class=\"icon_section\"><i class=\"fa fa-info\"><\/i><\/div><div class=\"content_section\"><div class=\"msg_box_title\">Syst\u00e9m zvon\u011bn\u00ed<\/div><div class=\"msg_box_text\">v na\u0161\u00ed \u0161kole je zavedeno klasick\u00e9 zvon\u011bn\u00ed, kter\u00e9 je chv\u00edlemi obm\u011bn\u011bno zvon\u011bn\u00edm formou p\u00edsn\u00ed<\/div><\/div><\/div>\t\t\t\t<\/div>\n\t\t\t\t<\/div>\n\t\t\t\t\t<\/div>\n\t\t<\/div>\n\t\t\t\t\t<\/div>\n\t\t<\/section>\n\t\t\t\t<section class=\"elementor-section elementor-top-section elementor-element elementor-element-d932f03 elementor-section-boxed elementor-section-height-default elementor-section-height-default\" data-id=\"d932f03\" data-element_type=\"section\" data-e-type=\"section\">\n\t\t\t\t\t\t<div class=\"elementor-container elementor-column-gap-default\">\n\t\t\t\t\t<div class=\"elementor-column elementor-col-50 elementor-top-column elementor-element elementor-element-ddedabf\" data-id=\"ddedabf\" data-element_type=\"column\" data-e-type=\"column\">\n\t\t\t<div class=\"elementor-widget-wrap elementor-element-populated\">\n\t\t\t\t\t\t<div class=\"elementor-element elementor-element-9a2e667 elementor-widget elementor-widget-cws_tabs\" data-id=\"9a2e667\" data-element_type=\"widget\" data-e-type=\"widget\" data-widget_type=\"cws_tabs.default\">\n\t\t\t\t<div class=\"elementor-widget-container\">\n\t\t\t\t\t        <div class=\"ce clearfix\">\n            <div class=\"cws_ce_content ce_tabs vertical\">\n                <div class=\"tabs clearfix\">\n                    <div class=\"tab active\" role=\"tab\" tabindex=\"0\"><span>0.VYU\u010cOVAC\u00cd HODINA<\/span><\/div>                <\/div>\n\n                <div class=\"tab_items\">\n                    <div class=\"tab_item\" role=\"tabpanel\" tabindex=\"0\"><p style=\"text-align: center;\"><strong>7:00 - 7:45<\/strong><\/p><\/div>                <\/div>\n            <\/div>\n        <\/div>\n        \t\t\t\t<\/div>\n\t\t\t\t<\/div>\n\t\t\t\t<div class=\"elementor-element elementor-element-3bc369a elementor-widget elementor-widget-cws_tabs\" data-id=\"3bc369a\" data-element_type=\"widget\" data-e-type=\"widget\" data-widget_type=\"cws_tabs.default\">\n\t\t\t\t<div class=\"elementor-widget-container\">\n\t\t\t\t\t        <div class=\"ce clearfix\">\n            <div class=\"cws_ce_content ce_tabs vertical\">\n                <div class=\"tabs clearfix\">\n                    <div class=\"tab active\" role=\"tab\" tabindex=\"0\"><span>   1. VYU\u010cOVAC\u00cd HODINA<\/span><\/div>                <\/div>\n\n                <div class=\"tab_items\">\n                    <div class=\"tab_item\" role=\"tabpanel\" tabindex=\"0\"><p style=\"text-align: center;\"><strong>7:55 - 8:40<\/strong><\/p><\/div>                <\/div>\n            <\/div>\n        <\/div>\n        \t\t\t\t<\/div>\n\t\t\t\t<\/div>\n\t\t\t\t<div class=\"elementor-element elementor-element-a5c602d elementor-widget elementor-widget-cws_tabs\" data-id=\"a5c602d\" data-element_type=\"widget\" data-e-type=\"widget\" data-widget_type=\"cws_tabs.default\">\n\t\t\t\t<div class=\"elementor-widget-container\">\n\t\t\t\t\t        <div class=\"ce clearfix\">\n            <div class=\"cws_ce_content ce_tabs vertical\">\n                <div class=\"tabs clearfix\">\n                    <div class=\"tab active\" role=\"tab\" tabindex=\"0\"><span>2. VYU\u010cOVAC\u00cd HODINA<\/span><\/div>                <\/div>\n\n                <div class=\"tab_items\">\n                    <div class=\"tab_item\" role=\"tabpanel\" tabindex=\"0\"><p style=\"text-align: center;\"><strong>8:50 - 9:35<\/strong><\/p><\/div>                <\/div>\n            <\/div>\n        <\/div>\n        \t\t\t\t<\/div>\n\t\t\t\t<\/div>\n\t\t\t\t<div class=\"elementor-element elementor-element-cbc7f10 elementor-widget elementor-widget-cws_tabs\" data-id=\"cbc7f10\" data-element_type=\"widget\" data-e-type=\"widget\" data-widget_type=\"cws_tabs.default\">\n\t\t\t\t<div class=\"elementor-widget-container\">\n\t\t\t\t\t        <div class=\"ce clearfix\">\n            <div class=\"cws_ce_content ce_tabs vertical\">\n                <div class=\"tabs clearfix\">\n                    <div class=\"tab active\" role=\"tab\" tabindex=\"0\"><span>3. VYU\u010cOVAC\u00cd HODINA<\/span><\/div>                <\/div>\n\n                <div class=\"tab_items\">\n                    <div class=\"tab_item\" role=\"tabpanel\" tabindex=\"0\"><p style=\"text-align: center;\"><strong>9:55 - 10:40<\/strong><\/p><\/div>                <\/div>\n            <\/div>\n        <\/div>\n        \t\t\t\t<\/div>\n\t\t\t\t<\/div>\n\t\t\t\t<div class=\"elementor-element elementor-element-27238f8 elementor-widget elementor-widget-cws_tabs\" data-id=\"27238f8\" data-element_type=\"widget\" data-e-type=\"widget\" data-widget_type=\"cws_tabs.default\">\n\t\t\t\t<div class=\"elementor-widget-container\">\n\t\t\t\t\t        <div class=\"ce clearfix\">\n            <div class=\"cws_ce_content ce_tabs vertical\">\n                <div class=\"tabs clearfix\">\n                    <div class=\"tab active\" role=\"tab\" tabindex=\"0\"><span>4. VYU\u010cOVAC\u00cd HODINA<\/span><\/div>                <\/div>\n\n                <div class=\"tab_items\">\n                    <div class=\"tab_item\" role=\"tabpanel\" tabindex=\"0\"><p style=\"text-align: center;\"><strong>10:50 - 11:35<\/strong><\/p><\/div>                <\/div>\n            <\/div>\n        <\/div>\n        \t\t\t\t<\/div>\n\t\t\t\t<\/div>\n\t\t\t\t<div class=\"elementor-element elementor-element-c76b208 elementor-widget elementor-widget-cws_tabs\" data-id=\"c76b208\" data-element_type=\"widget\" data-e-type=\"widget\" data-widget_type=\"cws_tabs.default\">\n\t\t\t\t<div class=\"elementor-widget-container\">\n\t\t\t\t\t        <div class=\"ce clearfix\">\n            <div class=\"cws_ce_content ce_tabs vertical\">\n                <div class=\"tabs clearfix\">\n                    <div class=\"tab active\" role=\"tab\" tabindex=\"0\"><span>5. VYU\u010cOVAC\u00cd HODINA<\/span><\/div>                <\/div>\n\n                <div class=\"tab_items\">\n                    <div class=\"tab_item\" role=\"tabpanel\" tabindex=\"0\"><p style=\"text-align: center;\"><strong>11:45 - 12:30<\/strong><\/p><\/div>                <\/div>\n            <\/div>\n        <\/div>\n        \t\t\t\t<\/div>\n\t\t\t\t<\/div>\n\t\t\t\t<div class=\"elementor-element elementor-element-5442612 elementor-widget elementor-widget-cws_tabs\" data-id=\"5442612\" data-element_type=\"widget\" data-e-type=\"widget\" data-widget_type=\"cws_tabs.default\">\n\t\t\t\t<div class=\"elementor-widget-container\">\n\t\t\t\t\t        <div class=\"ce clearfix\">\n            <div class=\"cws_ce_content ce_tabs vertical\">\n                <div class=\"tabs clearfix\">\n                    <div class=\"tab active\" role=\"tab\" tabindex=\"0\"><span>6. VYU\u010cOVAC\u00cd HODINA<\/span><\/div>                <\/div>\n\n                <div class=\"tab_items\">\n                    <div class=\"tab_item\" role=\"tabpanel\" tabindex=\"0\"><p style=\"text-align: center;\"><strong>12:40 - 13:25<\/strong><\/p><\/div>                <\/div>\n            <\/div>\n        <\/div>\n        \t\t\t\t<\/div>\n\t\t\t\t<\/div>\n\t\t\t\t<div class=\"elementor-element elementor-element-1ad5813 elementor-widget elementor-widget-cws_tabs\" data-id=\"1ad5813\" data-element_type=\"widget\" data-e-type=\"widget\" data-widget_type=\"cws_tabs.default\">\n\t\t\t\t<div class=\"elementor-widget-container\">\n\t\t\t\t\t        <div class=\"ce clearfix\">\n            <div class=\"cws_ce_content ce_tabs vertical\">\n                <div class=\"tabs clearfix\">\n                    <div class=\"tab active\" role=\"tab\" tabindex=\"0\"><span>7. VYU\u010cOVAC\u00cd HODINA<\/span><\/div>                <\/div>\n\n                <div class=\"tab_items\">\n                    <div class=\"tab_item\" role=\"tabpanel\" tabindex=\"0\"><p style=\"text-align: center;\"><strong>13:35 - 14:20<\/strong><\/p><\/div>                <\/div>\n            <\/div>\n        <\/div>\n        \t\t\t\t<\/div>\n\t\t\t\t<\/div>\n\t\t\t\t<div class=\"elementor-element elementor-element-a2b3305 elementor-widget elementor-widget-cws_tabs\" data-id=\"a2b3305\" data-element_type=\"widget\" data-e-type=\"widget\" data-widget_type=\"cws_tabs.default\">\n\t\t\t\t<div class=\"elementor-widget-container\">\n\t\t\t\t\t        <div class=\"ce clearfix\">\n            <div class=\"cws_ce_content ce_tabs vertical\">\n                <div class=\"tabs clearfix\">\n                    <div class=\"tab active\" role=\"tab\" tabindex=\"0\"><span>8. VYU\u010cOVAC\u00cd HODINA<\/span><\/div>                <\/div>\n\n                <div class=\"tab_items\">\n                    <div class=\"tab_item\" role=\"tabpanel\" tabindex=\"0\"><p style=\"text-align: center;\"><strong>14:30 -15:15<\/strong><\/p><\/div>                <\/div>\n            <\/div>\n        <\/div>\n        \t\t\t\t<\/div>\n\t\t\t\t<\/div>\n\t\t\t\t\t<\/div>\n\t\t<\/div>\n\t\t\t\t<div class=\"elementor-column elementor-col-50 elementor-top-column elementor-element elementor-element-d5c5052\" data-id=\"d5c5052\" data-element_type=\"column\" data-e-type=\"column\">\n\t\t\t<div class=\"elementor-widget-wrap\">\n\t\t\t\t\t\t\t<\/div>\n\t\t<\/div>\n\t\t\t\t\t<\/div>\n\t\t<\/section>\n\t\t\t\t<\/div>\n\t\t","protected":false},"excerpt":{"rendered":"","protected":false},"author":2,"featured_media":0,"parent":0,"menu_order":0,"comment_status":"closed","ping_status":"closed","template":"","meta":{"footnotes":""},"class_list":["post-6849","page","type-page","status-publish","hentry"],"rttpg_featured_image_url":null,"rttpg_author":{"display_name":"admin","author_link":"https:\/\/www.zsmasaryk.cz\/index.php\/author\/admin\/"},"rttpg_comment":0,"rttpg_category":null,"rttpg_excerpt":null,"_links":{"self":[{"href":"https:\/\/www.zsmasaryk.cz\/index.php\/wp-json\/wp\/v2\/pages\/6849","targetHints":{"allow":["GET"]}}],"collection":[{"href":"https:\/\/www.zsmasaryk.cz\/index.php\/wp-json\/wp\/v2\/pages"}],"about":[{"href":"https:\/\/www.zsmasaryk.cz\/index.php\/wp-json\/wp\/v2\/types\/page"}],"author":[{"embeddable":true,"href":"https:\/\/www.zsmasaryk.cz\/index.php\/wp-json\/wp\/v2\/users\/2"}],"replies":[{"embeddable":true,"href":"https:\/\/www.zsmasaryk.cz\/index.php\/wp-json\/wp\/v2\/comments?post=6849"}],"version-history":[{"count":0,"href":"https:\/\/www.zsmasaryk.cz\/index.php\/wp-json\/wp\/v2\/pages\/6849\/revisions"}],"wp:attachment":[{"href":"https:\/\/www.zsmasaryk.cz\/index.php\/wp-json\/wp\/v2\/media?parent=6849"}],"curies":[{"name":"wp","href":"https:\/\/api.w.org\/{rel}","templated":true}]}}