{"id":7902,"date":"2021-08-29T15:50:31","date_gmt":"2021-08-29T15:50:31","guid":{"rendered":"https:\/\/www.zsmasaryk.cz\/?page_id=7902"},"modified":"2024-09-08T10:33:40","modified_gmt":"2024-09-08T10:33:40","slug":"vyuka","status":"publish","type":"page","link":"https:\/\/www.zsmasaryk.cz\/index.php\/vyuka\/","title":{"rendered":"V\u00fduka"},"content":{"rendered":"\t\t<div data-elementor-type=\"wp-page\" data-elementor-id=\"7902\" class=\"elementor elementor-7902\">\n\t\t\t\t\t\t<section class=\"elementor-section elementor-top-section elementor-element elementor-element-8df6ff7 elementor-section-boxed elementor-section-height-default elementor-section-height-default\" data-id=\"8df6ff7\" data-element_type=\"section\" data-e-type=\"section\">\n\t\t\t\t\t\t<div class=\"elementor-container elementor-column-gap-default\">\n\t\t\t\t\t<div class=\"elementor-column elementor-col-100 elementor-top-column elementor-element elementor-element-835b1b4\" data-id=\"835b1b4\" data-element_type=\"column\" data-e-type=\"column\">\n\t\t\t<div class=\"elementor-widget-wrap elementor-element-populated\">\n\t\t\t\t\t\t<div class=\"elementor-element elementor-element-cb5f150 elementor-widget-divider--separator-type-pattern elementor-widget-divider--view-line elementor-widget elementor-widget-divider\" data-id=\"cb5f150\" data-element_type=\"widget\" data-e-type=\"widget\" data-widget_type=\"divider.default\">\n\t\t\t\t\t\t\t<div class=\"elementor-divider\" style=\"--divider-pattern-url: url(&quot;data:image\/svg+xml,%3Csvg xmlns=&#039;http:\/\/www.w3.org\/2000\/svg&#039; preserveAspectRatio=&#039;none&#039; overflow=&#039;visible&#039; height=&#039;100%&#039; viewBox=&#039;0 0 24 24&#039; fill=&#039;none&#039; stroke=&#039;black&#039; stroke-width=&#039;1&#039; stroke-linecap=&#039;square&#039; stroke-miterlimit=&#039;10&#039;%3E%3Cpath d=&#039;M0,21c3.3,0,8.3-0.9,15.7-7.1c6.6-5.4,4.4-9.3,2.4-10.3c-3.4-1.8-7.7,1.3-7.3,8.8C11.2,20,17.1,21,24,21&#039;\/%3E%3C\/svg%3E&quot;);\">\n\t\t\t<span class=\"elementor-divider-separator\">\n\t\t\t\t\t\t<\/span>\n\t\t<\/div>\n\t\t\t\t\t\t<\/div>\n\t\t\t\t\t<\/div>\n\t\t<\/div>\n\t\t\t\t\t<\/div>\n\t\t<\/section>\n\t\t\t\t<section class=\"elementor-section elementor-top-section elementor-element elementor-element-0ad96b5 elementor-section-boxed elementor-section-height-default elementor-section-height-default\" data-id=\"0ad96b5\" data-element_type=\"section\" data-e-type=\"section\">\n\t\t\t\t\t\t<div class=\"elementor-container elementor-column-gap-default\">\n\t\t\t\t\t<div class=\"elementor-column elementor-col-100 elementor-top-column elementor-element elementor-element-05f5953\" data-id=\"05f5953\" data-element_type=\"column\" data-e-type=\"column\">\n\t\t\t<div class=\"elementor-widget-wrap elementor-element-populated\">\n\t\t\t\t\t\t<div class=\"elementor-element elementor-element-8309cf2 elementor-widget elementor-widget-cws_heading\" data-id=\"8309cf2\" data-element_type=\"widget\" data-e-type=\"widget\" data-widget_type=\"cws_heading.default\">\n\t\t\t\t<div class=\"elementor-widget-container\">\n\t\t\t\t\t<h3 class=\"ce_title heading\"><div>Zaj\u00edmav\u00e9 odkazy:<\/div><\/h3>\t\t\t\t<\/div>\n\t\t\t\t<\/div>\n\t\t\t\t\t<\/div>\n\t\t<\/div>\n\t\t\t\t\t<\/div>\n\t\t<\/section>\n\t\t\t\t<section class=\"elementor-section elementor-top-section elementor-element elementor-element-47ebfc8 elementor-section-boxed elementor-section-height-default elementor-section-height-default\" data-id=\"47ebfc8\" data-element_type=\"section\" data-e-type=\"section\">\n\t\t\t\t\t\t<div class=\"elementor-container elementor-column-gap-default\">\n\t\t\t\t\t<div class=\"elementor-column elementor-col-33 elementor-top-column elementor-element elementor-element-552a452\" data-id=\"552a452\" data-element_type=\"column\" data-e-type=\"column\">\n\t\t\t<div class=\"elementor-widget-wrap elementor-element-populated\">\n\t\t\t\t\t\t<div class=\"elementor-element elementor-element-baa9bea elementor-widget elementor-widget-cws_tabs\" data-id=\"baa9bea\" data-element_type=\"widget\" data-e-type=\"widget\" data-widget_type=\"cws_tabs.default\">\n\t\t\t\t<div class=\"elementor-widget-container\">\n\t\t\t\t\t        <div class=\"ce clearfix\">\n            <div class=\"cws_ce_content ce_tabs\">\n                <div class=\"tabs clearfix\">\n                    <div class=\"tab active\" role=\"tab\" tabindex=\"0\"><span>\u010cesk\u00fd jazyk<\/span><\/div>                <\/div>\n\n                <div class=\"tab_items\">\n                    <div class=\"tab_item\" role=\"tabpanel\" tabindex=\"0\"><ul><li><strong><a href=\"https:\/\/www.onlinecviceni.cz\/exc\/list_sel_topics.php\" target=\"_blank\" rel=\"noopener\">Online cvi\u010den\u00ed<\/a><\/strong><\/li><li><strong><a title=\"Um\u00edme \u010desky\" href=\"https:\/\/www.umimecesky.cz\/\" target=\"_blank\" rel=\"noopener\">Um\u00edme \u010desky<\/a><\/strong><\/li><li><strong><a href=\"https:\/\/skolakov.eu\/cesky-jazyk-4-trida\" target=\"_blank\" rel=\"noopener\">\u0160kol\u00e1kov<\/a><\/strong><\/li><li><strong><a href=\"https:\/\/www.pravopisne.cz\/category\/pravopisna-cviceni\/\" target=\"_blank\" rel=\"noopener\">Pravopisn\u011b<\/a><\/strong><\/li><li><strong><a href=\"http:\/\/www.testpark.cz\/testy\/cesky-jazyk\" target=\"_blank\" rel=\"noopener\">Test park<\/a><\/strong><\/li><li><strong><a href=\"https:\/\/www.scio.cz\/onlinetesty\/testZdarmaNL.asp?typtestu=C5\" target=\"_blank\" rel=\"noopener\">SCIO<\/a><\/strong><\/li><li><strong><a href=\"http:\/\/cestina.diktaty.cz\/\" target=\"_blank\" rel=\"noopener\">Dikt\u00e1ty<\/a><\/strong><\/li><li><strong><a href=\"https:\/\/www.mojecestina.cz\/testy\" target=\"_blank\" rel=\"noopener\">Moje \u010de\u0161tina<\/a><\/strong><\/li><\/ul><\/div>                <\/div>\n            <\/div>\n        <\/div>\n        \t\t\t\t<\/div>\n\t\t\t\t<\/div>\n\t\t\t\t\t<\/div>\n\t\t<\/div>\n\t\t\t\t<div class=\"elementor-column elementor-col-33 elementor-top-column elementor-element elementor-element-81c7eb2\" data-id=\"81c7eb2\" data-element_type=\"column\" data-e-type=\"column\">\n\t\t\t<div class=\"elementor-widget-wrap elementor-element-populated\">\n\t\t\t\t\t\t<div class=\"elementor-element elementor-element-457ced2 elementor-widget elementor-widget-cws_tabs\" data-id=\"457ced2\" data-element_type=\"widget\" data-e-type=\"widget\" data-widget_type=\"cws_tabs.default\">\n\t\t\t\t<div class=\"elementor-widget-container\">\n\t\t\t\t\t        <div class=\"ce clearfix\">\n            <div class=\"cws_ce_content ce_tabs\">\n                <div class=\"tabs clearfix\">\n                    <div class=\"tab active\" role=\"tab\" tabindex=\"0\"><span>Matematika<\/span><\/div>                <\/div>\n\n                <div class=\"tab_items\">\n                    <div class=\"tab_item\" role=\"tabpanel\" tabindex=\"0\"><ul><li style=\"list-style-type: none\"><ul><li><strong><a href=\"http:\/\/www.onlinecviceni.cz\/exc\/list_topic_mat1.php\" target=\"_blank\" rel=\"noopener\">Online cvi\u010den\u00ed<\/a><\/strong><\/li><li><strong><a href=\"https:\/\/www.umimematiku.cz\/\" target=\"_blank\" rel=\"noopener\">Um\u00edme matiku<\/a><\/strong><\/li><li><strong><a href=\"http:\/\/www.testpark.cz\/testy\/matematika\" target=\"_blank\" rel=\"noopener\">Test park<\/a><\/strong><\/li><li><a href=\"https:\/\/matematickyklokan.net\/index.php\" target=\"_blank\" rel=\"noopener\"><strong>Matematick\u00fd klokan<\/strong><\/a><\/li><li><strong><a href=\"http:\/\/www.zsmasaryk.cz\/wp-content\/uploads\/2024\/09\/2024_25_mat.soutez-MOaPyth_prehled_pokynu.pdf\" target=\"_blank\" rel=\"noopener\">Matematick\u00e1 olympi\u00e1da a Pythagori\u00e1da 24-25<\/a><\/strong><\/li><\/ul><\/li><\/ul><p>\u00a0<\/p><\/div>                <\/div>\n            <\/div>\n        <\/div>\n        \t\t\t\t<\/div>\n\t\t\t\t<\/div>\n\t\t\t\t\t<\/div>\n\t\t<\/div>\n\t\t\t\t<div class=\"elementor-column elementor-col-33 elementor-top-column elementor-element elementor-element-6dc1797\" data-id=\"6dc1797\" data-element_type=\"column\" data-e-type=\"column\">\n\t\t\t<div class=\"elementor-widget-wrap elementor-element-populated\">\n\t\t\t\t\t\t<div class=\"elementor-element elementor-element-8343b6f elementor-widget elementor-widget-cws_tabs\" data-id=\"8343b6f\" data-element_type=\"widget\" data-e-type=\"widget\" data-widget_type=\"cws_tabs.default\">\n\t\t\t\t<div class=\"elementor-widget-container\">\n\t\t\t\t\t        <div class=\"ce clearfix\">\n            <div class=\"cws_ce_content ce_tabs\">\n                <div class=\"tabs clearfix\">\n                    <div class=\"tab active\" role=\"tab\" tabindex=\"0\"><span>Angli\u010dtina, jazyky<\/span><\/div>                <\/div>\n\n                <div class=\"tab_items\">\n                    <div class=\"tab_item\" role=\"tabpanel\" tabindex=\"0\"><ul><li><a href=\"http:\/\/www.speakenglish.co.uk\/phrases\/?lang=cs\" target=\"_blank\" rel=\"noopener\"><strong>Anglick\u00e9 fr\u00e1ze i s poslechem<\/strong><\/a><\/li><li><strong><a href=\"https:\/\/www.jazyky-online.info\/deti\/lekce.php\" target=\"_blank\" rel=\"noopener\">Angli\u010dtina pro d\u011bti online<\/a><\/strong><\/li><li><strong><a href=\"https:\/\/www.dictionary.com\/\" target=\"_blank\" rel=\"noopener\">Dictionary.com<\/a><\/strong><\/li><li><strong><a href=\"http:\/\/www.eslgamesworld.com\/GrammarGames.html\" target=\"_blank\" rel=\"noopener\">Interaktivn\u00ed hry<\/a><\/strong><\/li><li><strong><a href=\"https:\/\/www.jazyky-online.info\/\" target=\"_blank\" rel=\"noopener\">Jazyky-online.info<\/a><\/strong><\/li><\/ul><\/div>                <\/div>\n            <\/div>\n        <\/div>\n        \t\t\t\t<\/div>\n\t\t\t\t<\/div>\n\t\t\t\t\t<\/div>\n\t\t<\/div>\n\t\t\t\t\t<\/div>\n\t\t<\/section>\n\t\t\t\t<section class=\"elementor-section elementor-top-section elementor-element elementor-element-05efe28 elementor-section-boxed elementor-section-height-default elementor-section-height-default\" data-id=\"05efe28\" data-element_type=\"section\" data-e-type=\"section\">\n\t\t\t\t\t\t<div class=\"elementor-container elementor-column-gap-default\">\n\t\t\t\t\t<div class=\"elementor-column elementor-col-33 elementor-top-column elementor-element elementor-element-751549c\" data-id=\"751549c\" data-element_type=\"column\" data-e-type=\"column\">\n\t\t\t<div class=\"elementor-widget-wrap elementor-element-populated\">\n\t\t\t\t\t\t<div class=\"elementor-element elementor-element-2a276c2 elementor-widget elementor-widget-cws_tabs\" data-id=\"2a276c2\" data-element_type=\"widget\" data-e-type=\"widget\" data-widget_type=\"cws_tabs.default\">\n\t\t\t\t<div class=\"elementor-widget-container\">\n\t\t\t\t\t        <div class=\"ce clearfix\">\n            <div class=\"cws_ce_content ce_tabs\">\n                <div class=\"tabs clearfix\">\n                    <div class=\"tab active\" role=\"tab\" tabindex=\"0\"><span>Internetov\u00e9 str\u00e1nky na procvi\u010dov\u00e1n\u00ed u\u010diva<\/span><\/div>                <\/div>\n\n                <div class=\"tab_items\">\n                    <div class=\"tab_item\" role=\"tabpanel\" tabindex=\"0\"><ul><li><strong><a href=\"http:\/\/www.rysava.websnadno.cz\/\" target=\"_blank\" rel=\"noopener\">Lu\u0161t\u011bnky<\/a><\/strong><\/li><li><strong><a href=\"https:\/\/skolakov.eu\/\" target=\"_blank\" rel=\"noopener\">\u0160kol\u00e1kov<\/a><\/strong><\/li><li><strong><a href=\"https:\/\/pripravy.estranky.cz\/\" target=\"_blank\" rel=\"noopener\">U\u010cEN\u00cd ONLINE<\/a><\/strong><\/li><li><strong><a href=\"https:\/\/www.jsns.cz\/online-vyuka\" target=\"_blank\" rel=\"noopener\">Jeden sv\u011bt na \u0161kol\u00e1ch \u2013 ONLINE V\u00ddUKA<\/a><\/strong><\/li><\/ul><\/div>                <\/div>\n            <\/div>\n        <\/div>\n        \t\t\t\t<\/div>\n\t\t\t\t<\/div>\n\t\t\t\t\t<\/div>\n\t\t<\/div>\n\t\t\t\t<div class=\"elementor-column elementor-col-33 elementor-top-column elementor-element elementor-element-9794e7c\" data-id=\"9794e7c\" data-element_type=\"column\" data-e-type=\"column\">\n\t\t\t<div class=\"elementor-widget-wrap elementor-element-populated\">\n\t\t\t\t\t\t<div class=\"elementor-element elementor-element-99bc40e elementor-widget elementor-widget-cws_tabs\" data-id=\"99bc40e\" data-element_type=\"widget\" data-e-type=\"widget\" data-widget_type=\"cws_tabs.default\">\n\t\t\t\t<div class=\"elementor-widget-container\">\n\t\t\t\t\t        <div class=\"ce clearfix\">\n            <div class=\"cws_ce_content ce_tabs\">\n                <div class=\"tabs clearfix\">\n                    <div class=\"tab active\" role=\"tab\" tabindex=\"0\"><span>Pokusy<\/span><\/div>                <\/div>\n\n                <div class=\"tab_items\">\n                    <div class=\"tab_item\" role=\"tabpanel\" tabindex=\"0\"><ul><li><strong><a href=\"https:\/\/vida.cz\/vida-na-doma\" target=\"_blank\" rel=\"noopener\">Vida.cz<\/a><\/strong><\/li><\/ul><\/div>                <\/div>\n            <\/div>\n        <\/div>\n        \t\t\t\t<\/div>\n\t\t\t\t<\/div>\n\t\t\t\t\t<\/div>\n\t\t<\/div>\n\t\t\t\t<div class=\"elementor-column elementor-col-33 elementor-top-column elementor-element elementor-element-aa5cd69\" data-id=\"aa5cd69\" data-element_type=\"column\" data-e-type=\"column\">\n\t\t\t<div class=\"elementor-widget-wrap elementor-element-populated\">\n\t\t\t\t\t\t<div class=\"elementor-element elementor-element-6866a51 elementor-widget elementor-widget-cws_tabs\" data-id=\"6866a51\" data-element_type=\"widget\" data-e-type=\"widget\" data-widget_type=\"cws_tabs.default\">\n\t\t\t\t<div class=\"elementor-widget-container\">\n\t\t\t\t\t        <div class=\"ce clearfix\">\n            <div class=\"cws_ce_content ce_tabs\">\n                <div class=\"tabs clearfix\">\n                    <div class=\"tab active\" role=\"tab\" tabindex=\"0\"><span>SmartClass<\/span><\/div>                <\/div>\n\n                <div class=\"tab_items\">\n                    <div class=\"tab_item\" role=\"tabpanel\" tabindex=\"0\"><p><span style=\"color: #000000;\">P\u0159\u00edstup z internetu (dom\u00e1c\u00ed pou\u017eit\u00ed):<\/span><\/p><\/div>                <\/div>\n            <\/div>\n        <\/div>\n        \t\t\t\t<\/div>\n\t\t\t\t<\/div>\n\t\t\t\t<div class=\"elementor-element elementor-element-b66a54d elementor-widget elementor-widget-image\" data-id=\"b66a54d\" data-element_type=\"widget\" data-e-type=\"widget\" data-widget_type=\"image.default\">\n\t\t\t\t\t\t\t\t\t\t\t\t\t\t\t\t<a href=\"https:\/\/www.roboteltest.com\/WEBapp\/sc_web_01.html?RSID21-78.44.229.178:8050\" target=\"_blank\">\n\t\t\t\t\t\t\t<img decoding=\"async\" width=\"250\" height=\"50\" src=\"https:\/\/www.zsmasaryk.cz\/wp-content\/uploads\/2021\/08\/smartclass-s.png\" class=\"attachment-full size-full wp-image-7921\" alt=\"\" srcset=\"https:\/\/www.zsmasaryk.cz\/wp-content\/uploads\/2021\/08\/smartclass-s.png 250w, https:\/\/www.zsmasaryk.cz\/wp-content\/uploads\/2021\/08\/smartclass-s-768x153.png 768w, https:\/\/www.zsmasaryk.cz\/wp-content\/uploads\/2021\/08\/smartclass-s-100x20.png 100w, https:\/\/www.zsmasaryk.cz\/wp-content\/uploads\/2021\/08\/smartclass-s-230x46.png 230w\" sizes=\"(max-width: 250px) 100vw, 250px\" \/>\t\t\t\t\t\t\t\t<\/a>\n\t\t\t\t\t\t\t\t\t\t\t\t\t\t\t<\/div>\n\t\t\t\t<div class=\"elementor-element elementor-element-c200d74 elementor-widget elementor-widget-image\" data-id=\"c200d74\" data-element_type=\"widget\" data-e-type=\"widget\" data-widget_type=\"image.default\">\n\t\t\t\t\t\t\t\t\t\t\t\t\t\t\t\t<a href=\"https:\/\/www.roboteltest.com\/WEBteacher\/sc_web_01.html?RSID21-78.44.229.178:8050\" target=\"_blank\">\n\t\t\t\t\t\t\t<img decoding=\"async\" width=\"250\" height=\"50\" src=\"https:\/\/www.zsmasaryk.cz\/wp-content\/uploads\/2021\/08\/smartclass-t.png\" class=\"attachment-full size-full wp-image-7920\" alt=\"\" srcset=\"https:\/\/www.zsmasaryk.cz\/wp-content\/uploads\/2021\/08\/smartclass-t.png 250w, https:\/\/www.zsmasaryk.cz\/wp-content\/uploads\/2021\/08\/smartclass-t-768x153.png 768w, https:\/\/www.zsmasaryk.cz\/wp-content\/uploads\/2021\/08\/smartclass-t-100x20.png 100w, https:\/\/www.zsmasaryk.cz\/wp-content\/uploads\/2021\/08\/smartclass-t-230x46.png 230w\" sizes=\"(max-width: 250px) 100vw, 250px\" \/>\t\t\t\t\t\t\t\t<\/a>\n\t\t\t\t\t\t\t\t\t\t\t\t\t\t\t<\/div>\n\t\t\t\t\t<\/div>\n\t\t<\/div>\n\t\t\t\t\t<\/div>\n\t\t<\/section>\n\t\t\t\t<section class=\"elementor-section elementor-top-section elementor-element elementor-element-0e40669 elementor-section-boxed elementor-section-height-default elementor-section-height-default\" data-id=\"0e40669\" data-element_type=\"section\" data-e-type=\"section\">\n\t\t\t\t\t\t<div class=\"elementor-container elementor-column-gap-default\">\n\t\t\t\t\t<div class=\"elementor-column elementor-col-33 elementor-top-column elementor-element elementor-element-ca421d5\" data-id=\"ca421d5\" data-element_type=\"column\" data-e-type=\"column\">\n\t\t\t<div class=\"elementor-widget-wrap elementor-element-populated\">\n\t\t\t\t\t\t<div class=\"elementor-element elementor-element-d3fbb5b elementor-widget elementor-widget-cws_tabs\" data-id=\"d3fbb5b\" data-element_type=\"widget\" data-e-type=\"widget\" data-widget_type=\"cws_tabs.default\">\n\t\t\t\t<div class=\"elementor-widget-container\">\n\t\t\t\t\t        <div class=\"ce clearfix\">\n            <div class=\"cws_ce_content ce_tabs\">\n                <div class=\"tabs clearfix\">\n                    <div class=\"tab active\" role=\"tab\" tabindex=\"0\"><span>eTwinning<\/span><\/div>                <\/div>\n\n                <div class=\"tab_items\">\n                    <div class=\"tab_item\" role=\"tabpanel\" tabindex=\"0\"><p style=\"text-align: center;\"><span style=\"color: #000000;\">P\u0159ihl\u00e1\u0161en\u00ed do virtu\u00e1ln\u00edho pracovn\u00edho prost\u0159ed\u00ed: <\/span><a href=\"https:\/\/www.etwinning.net\/cz\/pub\/index.htm\" target=\"_blank\" rel=\"noopener noreferrer\">http:\/\/twinspace.etwinning.net\/unauthorized<\/a><\/p><p style=\"text-align: center;\"><span style=\"color: #000000;\">Projekt: Ich und mein Alltag:<\/span>\u00a0<a id=\"LPlnk611738\" href=\"https:\/\/twinspace.etwinning.net\/122878\/home\" target=\"_blank\" rel=\"noopener noreferrer\" data-auth=\"NotApplicable\" data-linkindex=\"3\">https:\/\/twinspace.etwinning.net\/122878\/home<\/a><\/p><\/div>                <\/div>\n            <\/div>\n        <\/div>\n        \t\t\t\t<\/div>\n\t\t\t\t<\/div>\n\t\t\t\t<div class=\"elementor-element elementor-element-a90fd06 elementor-widget elementor-widget-image\" data-id=\"a90fd06\" data-element_type=\"widget\" data-e-type=\"widget\" data-widget_type=\"image.default\">\n\t\t\t\t\t\t\t\t\t\t\t\t\t\t\t<img decoding=\"async\" width=\"250\" height=\"75\" src=\"https:\/\/www.zsmasaryk.cz\/wp-content\/uploads\/2021\/09\/eTwinning-Logo-e1630525117411.jpg\" class=\"attachment-full size-full wp-image-7978\" alt=\"\" \/>\t\t\t\t\t\t\t\t\t\t\t\t\t\t\t<\/div>\n\t\t\t\t\t<\/div>\n\t\t<\/div>\n\t\t\t\t<div class=\"elementor-column elementor-col-33 elementor-top-column elementor-element elementor-element-63e4994\" data-id=\"63e4994\" data-element_type=\"column\" data-e-type=\"column\">\n\t\t\t<div class=\"elementor-widget-wrap\">\n\t\t\t\t\t\t\t<\/div>\n\t\t<\/div>\n\t\t\t\t<div class=\"elementor-column elementor-col-33 elementor-top-column elementor-element elementor-element-6817958\" data-id=\"6817958\" data-element_type=\"column\" data-e-type=\"column\">\n\t\t\t<div class=\"elementor-widget-wrap\">\n\t\t\t\t\t\t\t<\/div>\n\t\t<\/div>\n\t\t\t\t\t<\/div>\n\t\t<\/section>\n\t\t\t\t<section class=\"elementor-section elementor-top-section elementor-element elementor-element-923325a elementor-section-boxed elementor-section-height-default elementor-section-height-default\" data-id=\"923325a\" data-element_type=\"section\" data-e-type=\"section\">\n\t\t\t\t\t\t<div class=\"elementor-container elementor-column-gap-default\">\n\t\t\t\t\t<div class=\"elementor-column elementor-col-33 elementor-top-column elementor-element elementor-element-2f3befc\" data-id=\"2f3befc\" data-element_type=\"column\" data-e-type=\"column\">\n\t\t\t<div class=\"elementor-widget-wrap\">\n\t\t\t\t\t\t\t<\/div>\n\t\t<\/div>\n\t\t\t\t<div class=\"elementor-column elementor-col-33 elementor-top-column elementor-element elementor-element-7af0f58\" data-id=\"7af0f58\" data-element_type=\"column\" data-e-type=\"column\">\n\t\t\t<div class=\"elementor-widget-wrap\">\n\t\t\t\t\t\t\t<\/div>\n\t\t<\/div>\n\t\t\t\t<div class=\"elementor-column elementor-col-33 elementor-top-column elementor-element elementor-element-e07af96\" data-id=\"e07af96\" data-element_type=\"column\" data-e-type=\"column\">\n\t\t\t<div class=\"elementor-widget-wrap\">\n\t\t\t\t\t\t\t<\/div>\n\t\t<\/div>\n\t\t\t\t\t<\/div>\n\t\t<\/section>\n\t\t\t\t<\/div>\n\t\t","protected":false},"excerpt":{"rendered":"","protected":false},"author":2,"featured_media":0,"parent":0,"menu_order":0,"comment_status":"closed","ping_status":"closed","template":"","meta":{"footnotes":""},"class_list":["post-7902","page","type-page","status-publish","hentry"],"rttpg_featured_image_url":null,"rttpg_author":{"display_name":"admin","author_link":"https:\/\/www.zsmasaryk.cz\/index.php\/author\/admin\/"},"rttpg_comment":0,"rttpg_category":null,"rttpg_excerpt":null,"_links":{"self":[{"href":"https:\/\/www.zsmasaryk.cz\/index.php\/wp-json\/wp\/v2\/pages\/7902","targetHints":{"allow":["GET"]}}],"collection":[{"href":"https:\/\/www.zsmasaryk.cz\/index.php\/wp-json\/wp\/v2\/pages"}],"about":[{"href":"https:\/\/www.zsmasaryk.cz\/index.php\/wp-json\/wp\/v2\/types\/page"}],"author":[{"embeddable":true,"href":"https:\/\/www.zsmasaryk.cz\/index.php\/wp-json\/wp\/v2\/users\/2"}],"replies":[{"embeddable":true,"href":"https:\/\/www.zsmasaryk.cz\/index.php\/wp-json\/wp\/v2\/comments?post=7902"}],"version-history":[{"count":0,"href":"https:\/\/www.zsmasaryk.cz\/index.php\/wp-json\/wp\/v2\/pages\/7902\/revisions"}],"wp:attachment":[{"href":"https:\/\/www.zsmasaryk.cz\/index.php\/wp-json\/wp\/v2\/media?parent=7902"}],"curies":[{"name":"wp","href":"https:\/\/api.w.org\/{rel}","templated":true}]}}