{"id":9211,"date":"2022-02-07T14:49:53","date_gmt":"2022-02-07T14:49:53","guid":{"rendered":"https:\/\/www.zsmasaryk.cz\/?page_id=9211"},"modified":"2022-02-07T15:02:28","modified_gmt":"2022-02-07T15:02:28","slug":"zakladni-pravni-predpisy","status":"publish","type":"page","link":"https:\/\/www.zsmasaryk.cz\/index.php\/zakladni-pravni-predpisy\/","title":{"rendered":"Z\u00e1kladn\u00ed pr\u00e1vn\u00ed p\u0159edpisy"},"content":{"rendered":"\t\t<div data-elementor-type=\"wp-page\" data-elementor-id=\"9211\" class=\"elementor elementor-9211\">\n\t\t\t\t\t\t<section class=\"elementor-section elementor-top-section elementor-element elementor-element-0e63083 elementor-section-boxed elementor-section-height-default elementor-section-height-default\" data-id=\"0e63083\" data-element_type=\"section\" data-e-type=\"section\">\n\t\t\t\t\t\t<div class=\"elementor-container elementor-column-gap-default\">\n\t\t\t\t\t<div class=\"elementor-column elementor-col-100 elementor-top-column elementor-element elementor-element-cd242f1\" data-id=\"cd242f1\" data-element_type=\"column\" data-e-type=\"column\">\n\t\t\t<div class=\"elementor-widget-wrap elementor-element-populated\">\n\t\t\t\t\t\t<div class=\"elementor-element elementor-element-4dbc511 elementor-widget elementor-widget-text-editor\" data-id=\"4dbc511\" data-element_type=\"widget\" data-e-type=\"widget\" data-widget_type=\"text-editor.default\">\n\t\t\t\t\t\t\t\t\t<ul><li><a href=\"http:\/\/www.zsmasaryk.cz\/wp-content\/uploads\/2022\/02\/Zakon-c.-561-Skolsky-zakon.pdf\" target=\"_blank\" rel=\"noopener\">Z\u00e1kon \u010d. 561, \u0160kolsk\u00fd z\u00e1kon<\/a><\/li><li><a href=\"http:\/\/www.zsmasaryk.cz\/wp-content\/uploads\/2022\/02\/Vyhlaska-c.-48-o-zakladnim-vzdelavani-a-nekterych-nalezitostech-plneni-povinne-skolni-dochazky.pdf\" target=\"_blank\" rel=\"noopener\">Vyhl\u00e1\u0161ka \u010d. 48 o z\u00e1kladn\u00edm vzd\u011bl\u00e1v\u00e1n\u00ed a n\u011bkter\u00fdch n\u00e1le\u017eitostech pln\u011bn\u00ed povinn\u00e9 \u0161koln\u00ed doch\u00e1zky<\/a><\/li><li><a href=\"http:\/\/www.zsmasaryk.cz\/wp-content\/uploads\/2022\/02\/Vyhlaska-c-16-2005-Sb-o-organizaci-skolniho-roku-ve-zneni-pozdejsich-predpisu.pdf\" target=\"_blank\" rel=\"noopener\">Vyhl\u00e1\u0161ka \u010d 16-2005 Sb o organizaci \u0161koln\u00edho roku ve zn\u011bn\u00ed pozd\u011bj\u0161\u00edch p\u0159edpis\u016f<\/a><\/li><li><a href=\"http:\/\/www.zsmasaryk.cz\/wp-content\/uploads\/2022\/02\/Zakon-O-svobodnem-pristupu-k-informacim.pdf\" target=\"_blank\" rel=\"noopener\">Z\u00e1kon O svobodn\u00e9m p\u0159\u00edstupu k informac\u00edm<\/a><\/li><li><a href=\"http:\/\/www.zsmasaryk.cz\/wp-content\/uploads\/2022\/02\/Zakon-c.-563-o-pedagogickych-pracovnicich.pdf\" target=\"_blank\" rel=\"noopener\">Z\u00e1kon \u010d. 563 o pedagogick\u00fdch pracovn\u00edc\u00edch<\/a><\/li><li><a href=\"http:\/\/www.zsmasaryk.cz\/wp-content\/uploads\/2022\/02\/Zakon-c.-500-Spravni-rad.pdf\" target=\"_blank\" rel=\"noopener\">Z\u00e1kon \u010d. 500, Spr\u00e1vn\u00ed \u0159\u00e1d<\/a><\/li><\/ul>\t\t\t\t\t\t\t\t<\/div>\n\t\t\t\t\t<\/div>\n\t\t<\/div>\n\t\t\t\t\t<\/div>\n\t\t<\/section>\n\t\t\t\t<\/div>\n\t\t","protected":false},"excerpt":{"rendered":"<p>Z\u00e1kon \u010d. 561, \u0160kolsk\u00fd z\u00e1kon Vyhl\u00e1\u0161ka \u010d. 48 o z\u00e1kladn\u00edm vzd\u011bl\u00e1v\u00e1n\u00ed a n\u011bkter\u00fdch n\u00e1le\u017eitostech pln\u011bn\u00ed povinn\u00e9 \u0161koln\u00ed doch\u00e1zky Vyhl\u00e1\u0161ka \u010d 16-2005 Sb o organizaci \u0161koln\u00edho roku ve zn\u011bn\u00ed pozd\u011bj\u0161\u00edch p\u0159edpis\u016f Z\u00e1kon O svobodn\u00e9m p\u0159\u00edstupu k informac\u00edm Z\u00e1kon \u010d. 563 o pedagogick\u00fdch pracovn\u00edc\u00edch Z\u00e1kon \u010d. 500, Spr\u00e1vn\u00ed \u0159\u00e1d<\/p>\n","protected":false},"author":2,"featured_media":0,"parent":0,"menu_order":0,"comment_status":"closed","ping_status":"closed","template":"","meta":{"footnotes":""},"class_list":["post-9211","page","type-page","status-publish","hentry"],"rttpg_featured_image_url":null,"rttpg_author":{"display_name":"admin","author_link":"https:\/\/www.zsmasaryk.cz\/index.php\/author\/admin\/"},"rttpg_comment":0,"rttpg_category":null,"rttpg_excerpt":"Z\u00e1kon \u010d. 561, \u0160kolsk\u00fd z\u00e1kon Vyhl\u00e1\u0161ka \u010d. 48 o z\u00e1kladn\u00edm vzd\u011bl\u00e1v\u00e1n\u00ed a n\u011bkter\u00fdch n\u00e1le\u017eitostech pln\u011bn\u00ed povinn\u00e9 \u0161koln\u00ed doch\u00e1zky Vyhl\u00e1\u0161ka \u010d 16-2005 Sb o organizaci \u0161koln\u00edho roku ve zn\u011bn\u00ed pozd\u011bj\u0161\u00edch p\u0159edpis\u016f Z\u00e1kon O svobodn\u00e9m p\u0159\u00edstupu k informac\u00edm Z\u00e1kon \u010d. 563 o pedagogick\u00fdch pracovn\u00edc\u00edch Z\u00e1kon \u010d. 500, Spr\u00e1vn\u00ed \u0159\u00e1d","_links":{"self":[{"href":"https:\/\/www.zsmasaryk.cz\/index.php\/wp-json\/wp\/v2\/pages\/9211","targetHints":{"allow":["GET"]}}],"collection":[{"href":"https:\/\/www.zsmasaryk.cz\/index.php\/wp-json\/wp\/v2\/pages"}],"about":[{"href":"https:\/\/www.zsmasaryk.cz\/index.php\/wp-json\/wp\/v2\/types\/page"}],"author":[{"embeddable":true,"href":"https:\/\/www.zsmasaryk.cz\/index.php\/wp-json\/wp\/v2\/users\/2"}],"replies":[{"embeddable":true,"href":"https:\/\/www.zsmasaryk.cz\/index.php\/wp-json\/wp\/v2\/comments?post=9211"}],"version-history":[{"count":0,"href":"https:\/\/www.zsmasaryk.cz\/index.php\/wp-json\/wp\/v2\/pages\/9211\/revisions"}],"wp:attachment":[{"href":"https:\/\/www.zsmasaryk.cz\/index.php\/wp-json\/wp\/v2\/media?parent=9211"}],"curies":[{"name":"wp","href":"https:\/\/api.w.org\/{rel}","templated":true}]}}